{"id":596,"date":"2013-08-12T07:09:46","date_gmt":"2013-08-12T07:09:46","guid":{"rendered":"http:\/\/localhost\/wordpress-3-6\/?page_id=596"},"modified":"2025-04-30T07:15:36","modified_gmt":"2025-04-30T07:15:36","slug":"la-farmacia","status":"publish","type":"page","link":"https:\/\/farmaciagonzalezsola.com\/es\/la-farmacia\/","title":{"rendered":"La farmacia"},"content":{"rendered":"<div id=\"fws_69d286a8d355a\"  data-column-margin=\"default\" data-midnight=\"dark\"  class=\"wpb_row vc_row-fluid vc_row\"  style=\"padding-top: 0px; padding-bottom: 0px; \"><div class=\"row-bg-wrap\" data-bg-animation=\"none\" data-bg-animation-delay=\"\" data-bg-overlay=\"false\"><div class=\"inner-wrap row-bg-layer\" ><div class=\"row-bg viewport-desktop\"  style=\"\"><\/div><\/div><\/div><div class=\"row_col_wrap_12 col span_12 dark left\">\n\t<div  class=\"vc_col-sm-12 wpb_column column_container vc_column_container col no-extra-padding inherit_tablet inherit_phone\"  data-padding-pos=\"all\" data-has-bg-color=\"false\" data-bg-color=\"\" data-bg-opacity=\"1\" data-animation=\"\" data-delay=\"0\" >\n\t\t<div class=\"vc_column-inner\" >\n\t\t\t<div class=\"wpb_wrapper\">\n\t\t\t\t<style type=\"text\/css\">@media only screen and (min-width: 1300px) { #nectar-slider-instance-1, #nectar-slider-instance-1 .swiper-container { height: 600px; }  } @media only screen and (max-width: 1299px) { #nectar-slider-instance-1, #nectar-slider-instance-1 .swiper-container { height: 500px; }  } @media only screen and (max-width: 1000px) { #nectar-slider-instance-1, #nectar-slider-instance-1 .swiper-container { height: 428.57142857143px; }  } @media only screen and (max-width: 690px) { #nectar-slider-instance-1, #nectar-slider-instance-1 .swiper-container { height: 222.22222222222px; }  } <\/style><div data-midnight=\"nectar-slider\" class=\"parallax_slider_outer\"><div  data-transition=\"slide\" data-overall_style=\"classic\" data-flexible-height=\"\" data-animate-in-effect=\"none\" data-fullscreen=\"false\" data-button-sizing=\"regular\" data-button-styling=\"btn_with_count\" data-autorotate=\"\" data-parallax=\"true\" data-parallax-disable-mobile=\"\" data-caption-trans=\"fade_in_from_bottom\" data-parallax-style=\"bg_only\" data-bg-animation=\"none\" data-full-width=\"true\" class=\"nectar-slider-wrap\" id=\"nectar-slider-instance-1\"><div class=\"swiper-container\"  data-tho=\"auto\" data-tco=\"auto\" data-pho=\"auto\" data-pco=\"auto\" data-loop=\"false\" data-height=\"600\" data-min-height=\"\" data-arrows=\"false\" data-bullets=\"false\" data-bullet_style=\"see_through\" data-bullet_position=\"bottom\" data-desktop-swipe=\"true\" data-settings=\"\"> <div class=\"swiper-wrapper\"><div class=\"swiper-slide\" data-desktop-content-width=\"auto\" data-tablet-content-width=\"auto\" data-bg-alignment=\"center\" data-color-scheme=\"light\" data-x-pos=\"left\" data-y-pos=\"middle\" ><div class=\"slide-bg-wrap\"><div class=\"image-bg\" style=\"background-image: url(https:\/\/farmaciagonzalezsola.com\/wp-content\/uploads\/2025\/04\/803_Foto.1742682091.jpg);\"> &nbsp; <\/div><\/div><div class=\"video-texture\"> <span class=\"ie-fix\"><\/span> <\/div><\/div> <!--\/swiper-slide--><\/div><div class=\"nectar-slider-loading\"> <span class=\"loading-icon none\">   <\/span> <\/div> <\/div> \n\t\t\t\t\t\n\t\t\t\t\t<\/div><\/div>\n\t\t\t<\/div> \n\t\t<\/div>\n\t<\/div> \n<\/div><\/div><div id=\"fws_69d286a8d78f6\" class=\"wpb_row legacy vc_row-fluid full-width-section standard_section\"  style=\"padding-top: 90px; padding-bottom: 65px; \"><div class=\"row-bg-wrap\"> <div class=\"row-bg  using-bg-color\" style=\"background-color: #ffffff; \"><\/div> <\/div><div class=\"col span_12 dark\">\n\t<div  class=\"vc_col-sm-12 wpb_column column_container vc_column_container col no-extra-padding inherit_tablet inherit_phone\"  data-padding-pos=\"all\" data-has-bg-color=\"false\" data-bg-color=\"\" data-bg-opacity=\"1\" data-animation=\"\" data-delay=\"0\" >\n\t\t<div class=\"vc_column-inner\" >\n\t\t\t<div class=\"wpb_wrapper\">\n\t\t\t\t\n<div class=\"wpb_text_column wpb_content_element\" >\n\t<div class=\"wpb_wrapper\">\n\t\t<h4 class=\"western\" style=\"text-align: center;\"><b>FARM\u00c0CIA GONZALEZ SOL\u00c1<\/b><\/h4>\n<p>&nbsp;<\/p>\n<p class=\"\" data-start=\"132\" data-end=\"194\"><strong data-start=\"132\" data-end=\"194\">Farm\u00e0cia Gonz\u00e1lez Sola: la teva salut, la nostra prioritat<\/strong><\/p>\n<p class=\"\" data-start=\"196\" data-end=\"525\">A la <strong data-start=\"201\" data-end=\"227\">Farm\u00e0cia Gonz\u00e1lez Sola<\/strong> treballem cada dia amb el comprom\u00eds d\u2019oferir-te una atenci\u00f3 propera, professional i personalitzada. Som molt m\u00e9s que un punt de dispensaci\u00f3 de medicaments: som un espai de confian\u00e7a on tenim cura de tu i dels teus, amb un equip farmac\u00e8utic al teu servei per assessorar-te en tot el que necessitis.<\/p>\n<p class=\"\" data-start=\"527\" data-end=\"842\">T\u2019oferim una \u00e0mplia gamma de serveis per al teu benestar: des del control de la tensi\u00f3 arterial i la glucosa fins a l\u2019assessorament en dermocosm\u00e8tica, nutrici\u00f3 i cura infantil. A m\u00e9s, comptem amb productes de primeres marques, formulaci\u00f3 magistral i un servei atent que resol els teus dubtes amb rigor i proximitat.<\/p>\n<p class=\"\" data-start=\"844\" data-end=\"1002\">Vine a con\u00e8ixer-nos i descobreix com podem ajudar-te a millorar la teva salut i qualitat de vida.<br data-start=\"941\" data-end=\"944\" \/><strong data-start=\"944\" data-end=\"970\">Farm\u00e0cia Gonz\u00e1lez Sola<\/strong>, la teva farm\u00e0cia de confian\u00e7a.<\/p>\n<p>&nbsp;<\/p>\n<h4 class=\"light\" style=\"text-align: center;\"><\/h4>\n\t<\/div>\n<\/div>\n\n\n\n\n\t\t\t<\/div> \n\t\t<\/div>\n\t<\/div> \n<\/div><\/div>","protected":false},"excerpt":{"rendered":"","protected":false},"author":1,"featured_media":0,"parent":0,"menu_order":0,"comment_status":"open","ping_status":"closed","template":"","meta":{"footnotes":""},"class_list":["post-596","page","type-page","status-publish"],"_links":{"self":[{"href":"https:\/\/farmaciagonzalezsola.com\/es\/wp-json\/wp\/v2\/pages\/596","targetHints":{"allow":["GET"]}}],"collection":[{"href":"https:\/\/farmaciagonzalezsola.com\/es\/wp-json\/wp\/v2\/pages"}],"about":[{"href":"https:\/\/farmaciagonzalezsola.com\/es\/wp-json\/wp\/v2\/types\/page"}],"author":[{"embeddable":true,"href":"https:\/\/farmaciagonzalezsola.com\/es\/wp-json\/wp\/v2\/users\/1"}],"replies":[{"embeddable":true,"href":"https:\/\/farmaciagonzalezsola.com\/es\/wp-json\/wp\/v2\/comments?post=596"}],"version-history":[{"count":13,"href":"https:\/\/farmaciagonzalezsola.com\/es\/wp-json\/wp\/v2\/pages\/596\/revisions"}],"predecessor-version":[{"id":2782,"href":"https:\/\/farmaciagonzalezsola.com\/es\/wp-json\/wp\/v2\/pages\/596\/revisions\/2782"}],"wp:attachment":[{"href":"https:\/\/farmaciagonzalezsola.com\/es\/wp-json\/wp\/v2\/media?parent=596"}],"curies":[{"name":"wp","href":"https:\/\/api.w.org\/{rel}","templated":true}]}}